{"id":3,"date":"2021-12-29T16:21:40","date_gmt":"2021-12-29T15:21:40","guid":{"rendered":"http:\/\/www.abiopavia.org\/NewSite\/?page_id=3"},"modified":"2022-12-22T18:19:58","modified_gmt":"2022-12-22T17:19:58","slug":"privacy-policy","status":"publish","type":"page","link":"https:\/\/www.abiopavia.org\/NewSite\/index.php\/privacy-policy\/","title":{"rendered":"Privacy policy"},"content":{"rendered":"\t\t<div data-elementor-type=\"wp-page\" data-elementor-id=\"3\" class=\"elementor elementor-3\">\n\t\t\t\t\t\t<section class=\"elementor-section elementor-top-section elementor-element elementor-element-1cd0aea elementor-section-boxed elementor-section-height-default elementor-section-height-default\" data-id=\"1cd0aea\" data-element_type=\"section\" data-settings=\"{&quot;background_background&quot;:&quot;classic&quot;}\">\n\t\t\t\t\t\t<div class=\"elementor-container elementor-column-gap-default\">\n\t\t\t\t\t<div class=\"elementor-column elementor-col-100 elementor-top-column elementor-element elementor-element-fe2e418\" data-id=\"fe2e418\" data-element_type=\"column\">\n\t\t\t<div class=\"elementor-widget-wrap elementor-element-populated\">\n\t\t\t\t\t\t<div class=\"elementor-element elementor-element-f1f2ee2 elementor-button-danger elementor-widget__width-auto elementor-widget elementor-widget-button\" data-id=\"f1f2ee2\" data-element_type=\"widget\" data-widget_type=\"button.default\">\n\t\t\t\t<div class=\"elementor-widget-container\">\n\t\t\t\t\t\t\t\t\t<div class=\"elementor-button-wrapper\">\n\t\t\t\t\t<a class=\"elementor-button elementor-button-link elementor-size-xs\" href=\"http:\/\/www.abiopavia.org\/NewSite\/\">\n\t\t\t\t\t\t<span class=\"elementor-button-content-wrapper\">\n\t\t\t\t\t\t<span class=\"elementor-button-icon\">\n\t\t\t\t<i aria-hidden=\"true\" class=\"fas fa-home\"><\/i>\t\t\t<\/span>\n\t\t\t\t\t\t\t\t\t<span class=\"elementor-button-text\">HOME<\/span>\n\t\t\t\t\t<\/span>\n\t\t\t\t\t<\/a>\n\t\t\t\t<\/div>\n\t\t\t\t\t\t\t\t<\/div>\n\t\t\t\t<\/div>\n\t\t\t\t<div class=\"elementor-element elementor-element-084b280 elementor-widget__width-auto elementor-widget elementor-widget-button\" data-id=\"084b280\" data-element_type=\"widget\" data-widget_type=\"button.default\">\n\t\t\t\t<div class=\"elementor-widget-container\">\n\t\t\t\t\t\t\t\t\t<div class=\"elementor-button-wrapper\">\n\t\t\t\t\t<a class=\"elementor-button elementor-size-xs\" role=\"button\">\n\t\t\t\t\t\t<span class=\"elementor-button-content-wrapper\">\n\t\t\t\t\t\t<span class=\"elementor-button-icon\">\n\t\t\t\t<i aria-hidden=\"true\" class=\"fas fa-caret-right\"><\/i>\t\t\t<\/span>\n\t\t\t\t\t\t\t\t\t<span class=\"elementor-button-text\">PRIVACY POLICY<\/span>\n\t\t\t\t\t<\/span>\n\t\t\t\t\t<\/a>\n\t\t\t\t<\/div>\n\t\t\t\t\t\t\t\t<\/div>\n\t\t\t\t<\/div>\n\t\t\t\t\t<\/div>\n\t\t<\/div>\n\t\t\t\t\t<\/div>\n\t\t<\/section>\n\t\t\t\t<section class=\"elementor-section elementor-top-section elementor-element elementor-element-c695357 elementor-section-boxed elementor-section-height-default elementor-section-height-default\" data-id=\"c695357\" data-element_type=\"section\">\n\t\t\t\t\t\t<div class=\"elementor-container elementor-column-gap-default\">\n\t\t\t\t\t<div class=\"elementor-column elementor-col-100 elementor-top-column elementor-element elementor-element-7d5d7d4\" data-id=\"7d5d7d4\" data-element_type=\"column\">\n\t\t\t<div class=\"elementor-widget-wrap elementor-element-populated\">\n\t\t\t\t\t\t<div class=\"elementor-element elementor-element-5ff2880 elementor-widget elementor-widget-spacer\" data-id=\"5ff2880\" data-element_type=\"widget\" data-widget_type=\"spacer.default\">\n\t\t\t\t<div class=\"elementor-widget-container\">\n\t\t\t\t\t\t\t<div class=\"elementor-spacer\">\n\t\t\t<div class=\"elementor-spacer-inner\"><\/div>\n\t\t<\/div>\n\t\t\t\t\t\t<\/div>\n\t\t\t\t<\/div>\n\t\t\t\t<div class=\"elementor-element elementor-element-125089d elementor-widget elementor-widget-image\" data-id=\"125089d\" data-element_type=\"widget\" data-widget_type=\"image.default\">\n\t\t\t\t<div class=\"elementor-widget-container\">\n\t\t\t\t\t\t\t\t\t\t\t\t\t\t\t<img fetchpriority=\"high\" decoding=\"async\" width=\"576\" height=\"100\" src=\"https:\/\/www.abiopavia.org\/NewSite\/wp-content\/uploads\/2022\/01\/il_volontariato.gif\" class=\"attachment-large size-large wp-image-961\" alt=\"\" \/>\t\t\t\t\t\t\t\t\t\t\t\t\t\t\t<\/div>\n\t\t\t\t<\/div>\n\t\t\t\t<div class=\"elementor-element elementor-element-efef9aa elementor-widget elementor-widget-text-editor\" data-id=\"efef9aa\" data-element_type=\"widget\" data-widget_type=\"text-editor.default\">\n\t\t\t\t<div class=\"elementor-widget-container\">\n\t\t\t\t\t\t\t\t\t\n<h1 class=\"wp-block-heading\"><strong>Cookie tecnici<\/strong><\/h1>\n<h1>Questo sito fa uso di soli cookie strettamente necessari al suo funzionamento, non \u00e8 pertanto necessario ottenere il consenso per proseguire la navigazione.<\/h1>\n<h1><strong>Interazione con piattaforme esterne<\/strong><\/h1>\n<h1>Questo tipo di servizi permette di effettuare interazioni con piattaforme esterne, direttamente dalle pagine di questo Sito Web.<\/h1>\n<h1>Le interazioni e le informazioni acquisite da questo Sito Web sono in ogni caso soggette alle impostazioni privacy dell\u2019Utente relative ad ogni social network.<\/h1>\n<h1><strong>Politica per il Trattamento dei dati Personali di ABIO<\/strong><\/h1>\n<h1>Come gi\u00e0 sapete se siete arrivati su questa pagina, ABIO \u00e8 l&#8217;Associazione per il Bambino in Ospedale che dal 1978 \u00e8 al fianco dei bambini, degli adolescenti e dei loro genitori. In estrema sintesi, per la realizzazione del suo scopo istituzionale, ABIO si occupa di progettare e mantenere vive alcune attivit\u00e0 a carattere assistenziale nei reparti pediatrici, fornendo un servizio volontario e gratuito di aiuto al bambino e all&#8217;adolescente ammalati e alla sua famiglia nelle piccole necessit\u00e0 organizzando giochi e attivit\u00e0 didattiche nel tempo libero dalle cure.<\/h1>\n<h1>In questo contesto, ABIO Pavia gestisce (o pu\u00f2 gestire) dati personali di aspiranti volontari, volontari in servizio, soci, sostenitori non anonimi e partecipanti agli eventi di raccolta fondi e di sensibilizzazione come ad esempio la Giornata Nazionale, in cui persone a noi vicine ma sconosciute diventano donatori, chiedono di diventare volontari, o semplicemente ci lasciano scattare una foto assieme.<\/h1>\n<h1>Non abbiamo altri interessati e nello specifico non trattiamo i dati personali dei pazienti dei reparti in cui eroghiamo i servizi e dei loro famigliari. Non \u00e8 nostro compito n\u00e9 nostro dovere conoscere le informazioni (talora molto delicate) che li riguardano. Nessuna Associazione ABIO, quindi, deve n\u00e9 pu\u00f2 trattare dati personali relativi agli utenti dei servizi.<\/h1>\n<h1>Nei nostri processi, i dati personali sono trattati con la massima cura all\u2019interno della normale vita associativa, nel rispetto della vigente normativa e con precisa attenzione alla sfera della riservatezza delle persone che, a diverso titolo, si avvicinano al nostro Movimento.<\/h1>\n<h1><strong>Informativa sul trattamento dei Dati Personali per i visitatori del Sito Web <\/strong><\/h1>\n<h1>Questa pagina descrive le regole di trattamento dei dati personali nelle pagine del sito di ABIO Pavia accessibili a partire dalla home: https:\/\/www.abiopavia.org\/<\/h1>\n<h1>Questa informativa riguarda le informazioni personali che possono essere trattate da ABIO Pavia a valle della tua navigazione in questi siti e non riguarda altri siti o pagine consultabili mediante link, di titolarit\u00e0 di terzi, per cui si rimanda alle rispettive privacy policy.<\/h1>\n<h1>Titolare del trattamento \u00e8 ABIO Pavia ODV<\/h1>\n<h1>Sede legale: c\/o Reparto Pediatria Policlinico V.le Golgi, 19 \u2013 27100 Pavia<\/h1>\n<h1>contattabile a\u00a0<a href=\"mailto:info@abiopavia.org\">info@abiopavia.org<\/a><\/h1>\n<h1>\u00a0<\/h1>\n<h1><strong>Che tipi di dati trattiamo, per quali ragioni e per quanto <\/strong><\/h1>\n<h1><em>Dati comunicati spontaneamente dall\u2019utente<\/em><\/h1>\n<h1>Questo sito pu\u00f2 raccogliere:<\/h1>\n<ul>\n<li>\n<h1>1. Dati di contatto del visitatore tramite l\u2019invio facoltativo, esplicito e volontario di messaggi agli indirizzi di contatto indicati nelle pagine. Questi dati sono utilizzati solo per rispondere ai visitatori e il loro mancato conferimento pu\u00f2 comportare l\u2019impossibilit\u00e0 di ottenere quanto richiesto. La base giuridica del trattamento \u00e8 l\u2019esecuzione del contratto. I dati saranno conservati per 2 anni dalla richiesta.<\/h1>\n<\/li>\n<li>\n<h1>2. Dati conferiti spontaneamente dal visitatore mediante la compilazione di form (per candidarsi come volontari). Questi dati sono utilizzati per dar seguito alla richiesta e il loro mancato conferimento pu\u00f2 comportare l\u2019impossibilit\u00e0 di ottenere quanto richiesto. La base giuridica del trattamento \u00e8 l\u2019esecuzione del contratto. I dati saranno conservati per tutta la durata del rapporto contrattuale con ABIO pi\u00f9 il tempo previsto dalla legge per la documentazione amministrativa (10 anni).<\/h1>\n<\/li>\n<li>\n<h1>3. Dati di contatto dei donatori, raccolti tramite la pagina delle donazioni. Questi dati (indirizzi postali, indirizzi e-mail, numeri di telefono) potranno essere utilizzati da ABIO Pavia per informare i suoi sostenitori e nelle sue campagne di fund raising con il legittimo interesse di sostenere le attivit\u00e0 del movimento ABIO, ritenendo che questo i donatori si aspettino da una organizzazione come la nostra. I dati saranno trattati con questa finalit\u00e0 per 2 anni dalla data dell\u2019ultima donazione.<\/h1>\n<\/li>\n<\/ul>\n<h1><em>Dati di navigazione raccolti senza intervento dell\u2019utente<\/em><\/h1>\n<ul>\n<li>\n<h1>4. Questo sito pu\u00f2 raccogliere anche dati di navigazione (cosiddetti log files) tramite procedure software che registrano alcuni dati personali la cui trasmissione \u00e8 implicita nell\u2019uso dei protocolli di comunicazione di Internet (come indirizzi IP, tipo di browser e parametri dei dispositivi che si connettono, nome dell\u2019ISP utilizzato, data e orario di visita, URL delle pagine richieste, pagina di provenienza, numero di click\u2026). Questi dati sono raccolti e gestiti nel legittimo interesse di ABIO Pavia di controllare e garantire il corretto e tempestivo funzionamento del sito e bloccare tentativi di danneggiamento al medesimo. Questi dati sono cancellati dopo 1 mese dalla loro raccolta.<\/h1>\n<\/li>\n<\/ul>\n<h1>I dati raccolti a seguito della consultazione dei siti sopra elencati sono comunicati:<\/h1>\n<ul>\n<li>\n<h1>a terzi solo in ottemperanza ad un obbligo di legge o per tutelare i diritti di ABIO Pavia in sede legale\/giudiziaria (istituzioni, forze dell\u2019ordine, autorit\u00e0 giudiziarie, amministrative o di pubblica sicurezza\u2026).<\/h1>\n<\/li>\n<\/ul>\n<h1>I dati raccolti non saranno oggetto di diffusione.<\/h1>\n<h1><strong>Che diritti hanno gli interessati <\/strong><\/h1>\n<h1>I visitatori del sito possono esercitare in ogni momento i diritti previsti dagli articoli 15 e seguenti. del GDPR, ed in particolare i diritti di accesso, rettifica, limitazione, oblio, opposizione, revoca del consenso per i cookies inviando una e-mail a\u00a0info@abiopavia.org<\/h1>\n<h1>Inoltre, i visitatori del sito hanno sempre il diritto di rivolgersi al Garante per la Protezione dei Dati Personali per proporre un reclamo in merito al trattamento dei propri dati personali.<\/h1>\n<h1><strong>Titolare del trattamento dei dati<\/strong><\/h1>\n<h1>ABIO Pavia ODV<br \/>Sede legale: c\/o Reparto Pediatria Policlinico V.le Golgi,19 \u2013 27100 Pavia<\/h1>\n<h1>Indirizzo e-mail del Titolare:\u00a0info@abiopavia.org<\/h1>\n\t\t\t\t\t\t\t\t<\/div>\n\t\t\t\t<\/div>\n\t\t\t\t<div class=\"elementor-element elementor-element-4d60b2d elementor-widget elementor-widget-spacer\" data-id=\"4d60b2d\" data-element_type=\"widget\" data-widget_type=\"spacer.default\">\n\t\t\t\t<div class=\"elementor-widget-container\">\n\t\t\t\t\t\t\t<div class=\"elementor-spacer\">\n\t\t\t<div class=\"elementor-spacer-inner\"><\/div>\n\t\t<\/div>\n\t\t\t\t\t\t<\/div>\n\t\t\t\t<\/div>\n\t\t\t\t\t<\/div>\n\t\t<\/div>\n\t\t\t\t\t<\/div>\n\t\t<\/section>\n\t\t\t\t<section class=\"elementor-section elementor-top-section elementor-element elementor-element-53da74d0 elementor-section-boxed elementor-section-height-default elementor-section-height-default\" data-id=\"53da74d0\" data-element_type=\"section\" data-settings=\"{&quot;background_background&quot;:&quot;classic&quot;}\">\n\t\t\t\t\t\t\t<div class=\"elementor-background-overlay\"><\/div>\n\t\t\t\t\t\t\t<div class=\"elementor-container elementor-column-gap-default\">\n\t\t\t\t\t<div class=\"elementor-column elementor-col-25 elementor-top-column elementor-element elementor-element-51ba040c\" data-id=\"51ba040c\" data-element_type=\"column\">\n\t\t\t<div class=\"elementor-widget-wrap elementor-element-populated\">\n\t\t\t\t\t\t<div class=\"elementor-element elementor-element-73ffb2ae elementor-widget elementor-widget-text-editor\" data-id=\"73ffb2ae\" data-element_type=\"widget\" data-widget_type=\"text-editor.default\">\n\t\t\t\t<div class=\"elementor-widget-container\">\n\t\t\t\t\t\t\t\t\t<h1 style=\"text-align: left;\"><b>ABIO Pavia ODV<\/b><\/h1>\t\t\t\t\t\t\t\t<\/div>\n\t\t\t\t<\/div>\n\t\t\t\t<div class=\"elementor-element elementor-element-31c0fc81 elementor-widget-divider--view-line elementor-widget elementor-widget-divider\" data-id=\"31c0fc81\" data-element_type=\"widget\" data-widget_type=\"divider.default\">\n\t\t\t\t<div class=\"elementor-widget-container\">\n\t\t\t\t\t\t\t<div class=\"elementor-divider\">\n\t\t\t<span class=\"elementor-divider-separator\">\n\t\t\t\t\t\t<\/span>\n\t\t<\/div>\n\t\t\t\t\t\t<\/div>\n\t\t\t\t<\/div>\n\t\t\t\t<div class=\"elementor-element elementor-element-781b2d17 elementor-widget elementor-widget-text-editor\" data-id=\"781b2d17\" data-element_type=\"widget\" data-widget_type=\"text-editor.default\">\n\t\t\t\t<div class=\"elementor-widget-container\">\n\t\t\t\t\t\t\t\t\t<h1 style=\"text-align: left;\">sede c\/o Reparto Pediatria<br>Policlinico San Matteo<br>V.le C. Golgi, 19<br>27100 Pavia<br><\/h1>\t\t\t\t\t\t\t\t<\/div>\n\t\t\t\t<\/div>\n\t\t\t\t\t<\/div>\n\t\t<\/div>\n\t\t\t\t<div class=\"elementor-column elementor-col-25 elementor-top-column elementor-element elementor-element-1e954aee\" data-id=\"1e954aee\" data-element_type=\"column\">\n\t\t\t<div class=\"elementor-widget-wrap elementor-element-populated\">\n\t\t\t\t\t\t<div class=\"elementor-element elementor-element-659684b elementor-widget elementor-widget-text-editor\" data-id=\"659684b\" data-element_type=\"widget\" data-widget_type=\"text-editor.default\">\n\t\t\t\t<div class=\"elementor-widget-container\">\n\t\t\t\t\t\t\t\t\t<h1 style=\"text-align: left;\"><b>CONTATTI<\/b><\/h1>\t\t\t\t\t\t\t\t<\/div>\n\t\t\t\t<\/div>\n\t\t\t\t<div class=\"elementor-element elementor-element-4ef186f3 elementor-widget-divider--view-line elementor-widget elementor-widget-divider\" data-id=\"4ef186f3\" data-element_type=\"widget\" data-widget_type=\"divider.default\">\n\t\t\t\t<div class=\"elementor-widget-container\">\n\t\t\t\t\t\t\t<div class=\"elementor-divider\">\n\t\t\t<span class=\"elementor-divider-separator\">\n\t\t\t\t\t\t<\/span>\n\t\t<\/div>\n\t\t\t\t\t\t<\/div>\n\t\t\t\t<\/div>\n\t\t\t\t<div class=\"elementor-element elementor-element-3b612f16 elementor-icon-list--layout-traditional elementor-list-item-link-full_width elementor-widget elementor-widget-icon-list\" data-id=\"3b612f16\" data-element_type=\"widget\" data-widget_type=\"icon-list.default\">\n\t\t\t\t<div class=\"elementor-widget-container\">\n\t\t\t\t\t\t\t<ul class=\"elementor-icon-list-items\">\n\t\t\t\t\t\t\t<li class=\"elementor-icon-list-item\">\n\t\t\t\t\t\t\t\t\t\t\t<span class=\"elementor-icon-list-icon\">\n\t\t\t\t\t\t\t<i aria-hidden=\"true\" class=\"fas fa-phone-alt\"><\/i>\t\t\t\t\t\t<\/span>\n\t\t\t\t\t\t\t\t\t\t<span class=\"elementor-icon-list-text\">346 2358628<\/span>\n\t\t\t\t\t\t\t\t\t<\/li>\n\t\t\t\t\t\t\t\t<li class=\"elementor-icon-list-item\">\n\t\t\t\t\t\t\t\t\t\t\t<a href=\"mailto:info@abiopavia.org\" target=\"_blank\">\n\n\t\t\t\t\t\t\t\t\t\t\t\t<span class=\"elementor-icon-list-icon\">\n\t\t\t\t\t\t\t<i aria-hidden=\"true\" class=\"far fa-envelope\"><\/i>\t\t\t\t\t\t<\/span>\n\t\t\t\t\t\t\t\t\t\t<span class=\"elementor-icon-list-text\">info@abiopavia.org<\/span>\n\t\t\t\t\t\t\t\t\t\t\t<\/a>\n\t\t\t\t\t\t\t\t\t<\/li>\n\t\t\t\t\t\t\t\t<li class=\"elementor-icon-list-item\">\n\t\t\t\t\t\t\t\t\t\t\t<a href=\"mailto:abiopavia@pec.it\">\n\n\t\t\t\t\t\t\t\t\t\t\t\t<span class=\"elementor-icon-list-icon\">\n\t\t\t\t\t\t\t<i aria-hidden=\"true\" class=\"far fa-envelope\"><\/i>\t\t\t\t\t\t<\/span>\n\t\t\t\t\t\t\t\t\t\t<span class=\"elementor-icon-list-text\">abiopavia@pec.it<\/span>\n\t\t\t\t\t\t\t\t\t\t\t<\/a>\n\t\t\t\t\t\t\t\t\t<\/li>\n\t\t\t\t\t\t<\/ul>\n\t\t\t\t\t\t<\/div>\n\t\t\t\t<\/div>\n\t\t\t\t\t<\/div>\n\t\t<\/div>\n\t\t\t\t<div class=\"elementor-column elementor-col-25 elementor-top-column elementor-element elementor-element-1bac9806\" data-id=\"1bac9806\" data-element_type=\"column\" data-settings=\"{&quot;animation&quot;:&quot;none&quot;}\">\n\t\t\t<div class=\"elementor-widget-wrap elementor-element-populated\">\n\t\t\t\t\t\t<div class=\"elementor-element elementor-element-401e08e elementor-widget elementor-widget-text-editor\" data-id=\"401e08e\" data-element_type=\"widget\" data-widget_type=\"text-editor.default\">\n\t\t\t\t<div class=\"elementor-widget-container\">\n\t\t\t\t\t\t\t\t\t<h1 style=\"text-align: left;\"><b>SOCIAL<\/b><\/h1>\t\t\t\t\t\t\t\t<\/div>\n\t\t\t\t<\/div>\n\t\t\t\t<div class=\"elementor-element elementor-element-3768b14d elementor-widget-divider--view-line elementor-widget elementor-widget-divider\" data-id=\"3768b14d\" data-element_type=\"widget\" data-widget_type=\"divider.default\">\n\t\t\t\t<div class=\"elementor-widget-container\">\n\t\t\t\t\t\t\t<div class=\"elementor-divider\">\n\t\t\t<span class=\"elementor-divider-separator\">\n\t\t\t\t\t\t<\/span>\n\t\t<\/div>\n\t\t\t\t\t\t<\/div>\n\t\t\t\t<\/div>\n\t\t\t\t<div class=\"elementor-element elementor-element-6c63c17f elementor-widget elementor-widget-wp-widget-ocean_social\" data-id=\"6c63c17f\" data-element_type=\"widget\" data-widget_type=\"wp-widget-ocean_social.default\">\n\t\t\t\t<div class=\"elementor-widget-container\">\n\t\t\t\t\t\r\n\t\t\t\t<ul class=\"oceanwp-social-icons no-transition style-colored\">\r\n\t\t\t\t\t<li class=\"oceanwp-facebook\"><a href=\"https:\/\/facebook.com\/ABIOPavia\" aria-label=\"Facebook\"  target=\"_blank\" rel=\"noopener noreferrer\"><i class=\" fab fa-facebook\" aria-hidden=\"true\" role=\"img\"><\/i><\/a><span class=\"screen-reader-text\">Opens in a new tab<\/span><\/li><li class=\"oceanwp-instagram\"><a href=\"https:\/\/instagram.com\/abiopavia?igshid=YmMyMTA2M2Y=\" aria-label=\"Instagram\"  target=\"_blank\" rel=\"noopener noreferrer\"><i class=\" fab fa-instagram\" aria-hidden=\"true\" role=\"img\"><\/i><\/a><span class=\"screen-reader-text\">Opens in a new tab<\/span><\/li>\t\t\t\t<\/ul>\r\n\r\n\t\t\t\t\r\n\t\t\t\r\n\t\t\r\n\t\t\t\t\t\t\t<\/div>\n\t\t\t\t<\/div>\n\t\t\t\t<div class=\"elementor-element elementor-element-3363b3b4 elementor-widget elementor-widget-image\" data-id=\"3363b3b4\" data-element_type=\"widget\" data-widget_type=\"image.default\">\n\t\t\t\t<div class=\"elementor-widget-container\">\n\t\t\t\t\t\t\t\t\t\t\t\t\t\t\t\t<a href=\"https:\/\/wa.me\/3462358628?text=Per%20ABIO%20Pavia:%20\" target=\"_blank\">\n\t\t\t\t\t\t\t<img decoding=\"async\" src=\"https:\/\/www.abiopavia.org\/NewSite\/wp-content\/uploads\/2022\/12\/WhatsAppButton.png\" title=\"WhatsAppButton\" alt=\"WhatsAppButton\" loading=\"lazy\" \/>\t\t\t\t\t\t\t\t<\/a>\n\t\t\t\t\t\t\t\t\t\t\t\t\t\t\t<\/div>\n\t\t\t\t<\/div>\n\t\t\t\t<div class=\"elementor-element elementor-element-32ca8656 elementor-widget-divider--view-line elementor-widget elementor-widget-divider\" data-id=\"32ca8656\" data-element_type=\"widget\" data-widget_type=\"divider.default\">\n\t\t\t\t<div class=\"elementor-widget-container\">\n\t\t\t\t\t\t\t<div class=\"elementor-divider\">\n\t\t\t<span class=\"elementor-divider-separator\">\n\t\t\t\t\t\t<\/span>\n\t\t<\/div>\n\t\t\t\t\t\t<\/div>\n\t\t\t\t<\/div>\n\t\t\t\t<div class=\"elementor-element elementor-element-2a265081 elementor-widget elementor-widget-text-editor\" data-id=\"2a265081\" data-element_type=\"widget\" data-widget_type=\"text-editor.default\">\n\t\t\t\t<div class=\"elementor-widget-container\">\n\t\t\t\t\t\t\t\t\t<h5><a href=\"http:\/\/www.abiopavia.org\/NewSite\/index.php\/privacy-policy\/\"><span style=\"color: #333399;\">Privacy policy<\/span><\/a><\/h5>\t\t\t\t\t\t\t\t<\/div>\n\t\t\t\t<\/div>\n\t\t\t\t\t<\/div>\n\t\t<\/div>\n\t\t\t\t<div class=\"elementor-column elementor-col-25 elementor-top-column elementor-element elementor-element-1543dd52\" data-id=\"1543dd52\" data-element_type=\"column\" data-settings=\"{&quot;animation&quot;:&quot;none&quot;}\">\n\t\t\t<div class=\"elementor-widget-wrap elementor-element-populated\">\n\t\t\t\t\t\t<div class=\"elementor-element elementor-element-3ffa72a0 elementor-widget elementor-widget-text-editor\" data-id=\"3ffa72a0\" data-element_type=\"widget\" data-widget_type=\"text-editor.default\">\n\t\t\t\t<div class=\"elementor-widget-container\">\n\t\t\t\t\t\t\t\t\t<h3 style=\"text-align: center;\">Fondazione ABIO Italia Onlus<\/h3>\t\t\t\t\t\t\t\t<\/div>\n\t\t\t\t<\/div>\n\t\t\t\t<div class=\"elementor-element elementor-element-2d84ddf4 elementor-widget-divider--view-line elementor-widget elementor-widget-divider\" data-id=\"2d84ddf4\" data-element_type=\"widget\" data-widget_type=\"divider.default\">\n\t\t\t\t<div class=\"elementor-widget-container\">\n\t\t\t\t\t\t\t<div class=\"elementor-divider\">\n\t\t\t<span class=\"elementor-divider-separator\">\n\t\t\t\t\t\t<\/span>\n\t\t<\/div>\n\t\t\t\t\t\t<\/div>\n\t\t\t\t<\/div>\n\t\t\t\t<div class=\"elementor-element elementor-element-30280337 elementor-view-default elementor-widget elementor-widget-icon\" data-id=\"30280337\" data-element_type=\"widget\" data-widget_type=\"icon.default\">\n\t\t\t\t<div class=\"elementor-widget-container\">\n\t\t\t\t\t\t\t<div class=\"elementor-icon-wrapper\">\n\t\t\t<a class=\"elementor-icon\" href=\"http:\/\/www.abio.org\/\" target=\"_blank\">\n\t\t\t<i aria-hidden=\"true\" class=\"fas fa-globe\"><\/i>\t\t\t<\/a>\n\t\t<\/div>\n\t\t\t\t\t\t<\/div>\n\t\t\t\t<\/div>\n\t\t\t\t<div class=\"elementor-element elementor-element-7219e9a2 elementor-view-default elementor-widget elementor-widget-icon\" data-id=\"7219e9a2\" data-element_type=\"widget\" data-widget_type=\"icon.default\">\n\t\t\t\t<div class=\"elementor-widget-container\">\n\t\t\t\t\t\t\t<div class=\"elementor-icon-wrapper\">\n\t\t\t<a class=\"elementor-icon\" href=\"http:\/\/www.youtube.com\/user\/FondazioneABIO\" target=\"_blank\" title=\"\">\n\t\t\t<i aria-hidden=\"true\" class=\"fab fa-youtube\"><\/i>\t\t\t<\/a>\n\t\t<\/div>\n\t\t\t\t\t\t<\/div>\n\t\t\t\t<\/div>\n\t\t\t\t\t<\/div>\n\t\t<\/div>\n\t\t\t\t\t<\/div>\n\t\t<\/section>\n\t\t\t\t<\/div>\n\t\t","protected":false},"excerpt":{"rendered":"<p>HOME PRIVACY POLICY Cookie tecnici Questo sito fa uso di soli cookie strettamente necessari al suo funzionamento, non \u00e8 pertanto necessario ottenere il consenso per proseguire la navigazione. Interazione con piattaforme esterne Questo tipo di servizi permette di effettuare interazioni con piattaforme esterne, direttamente dalle pagine di questo Sito Web. Le interazioni e le informazioni [&hellip;]<\/p>\n","protected":false},"author":1,"featured_media":0,"parent":0,"menu_order":0,"comment_status":"closed","ping_status":"open","template":"","meta":{"ocean_post_layout":"full-screen","ocean_both_sidebars_style":"","ocean_both_sidebars_content_width":0,"ocean_both_sidebars_sidebars_width":0,"ocean_sidebar":"0","ocean_second_sidebar":"0","ocean_disable_margins":"enable","ocean_add_body_class":"","ocean_shortcode_before_top_bar":"","ocean_shortcode_after_top_bar":"","ocean_shortcode_before_header":"","ocean_shortcode_after_header":"","ocean_has_shortcode":"","ocean_shortcode_after_title":"","ocean_shortcode_before_footer_widgets":"","ocean_shortcode_after_footer_widgets":"","ocean_shortcode_before_footer_bottom":"","ocean_shortcode_after_footer_bottom":"","ocean_display_top_bar":"off","ocean_display_header":"default","ocean_header_style":"","ocean_center_header_left_menu":"0","ocean_custom_header_template":"0","ocean_custom_logo":0,"ocean_custom_retina_logo":0,"ocean_custom_logo_max_width":0,"ocean_custom_logo_tablet_max_width":0,"ocean_custom_logo_mobile_max_width":0,"ocean_custom_logo_max_height":0,"ocean_custom_logo_tablet_max_height":0,"ocean_custom_logo_mobile_max_height":0,"ocean_header_custom_menu":"0","ocean_menu_typo_font_family":"0","ocean_menu_typo_font_subset":"","ocean_menu_typo_font_size":0,"ocean_menu_typo_font_size_tablet":0,"ocean_menu_typo_font_size_mobile":0,"ocean_menu_typo_font_size_unit":"px","ocean_menu_typo_font_weight":"","ocean_menu_typo_font_weight_tablet":"","ocean_menu_typo_font_weight_mobile":"","ocean_menu_typo_transform":"","ocean_menu_typo_transform_tablet":"","ocean_menu_typo_transform_mobile":"","ocean_menu_typo_line_height":0,"ocean_menu_typo_line_height_tablet":0,"ocean_menu_typo_line_height_mobile":0,"ocean_menu_typo_line_height_unit":"","ocean_menu_typo_spacing":0,"ocean_menu_typo_spacing_tablet":0,"ocean_menu_typo_spacing_mobile":0,"ocean_menu_typo_spacing_unit":"","ocean_menu_link_color":"","ocean_menu_link_color_hover":"","ocean_menu_link_color_active":"","ocean_menu_link_background":"","ocean_menu_link_hover_background":"","ocean_menu_link_active_background":"","ocean_menu_social_links_bg":"","ocean_menu_social_hover_links_bg":"","ocean_menu_social_links_color":"","ocean_menu_social_hover_links_color":"","ocean_disable_title":"on","ocean_disable_heading":"default","ocean_post_title":"","ocean_post_subheading":"","ocean_post_title_style":"","ocean_post_title_background_color":"","ocean_post_title_background":0,"ocean_post_title_bg_image_position":"","ocean_post_title_bg_image_attachment":"","ocean_post_title_bg_image_repeat":"","ocean_post_title_bg_image_size":"","ocean_post_title_height":0,"ocean_post_title_bg_overlay":0.5,"ocean_post_title_bg_overlay_color":"","ocean_disable_breadcrumbs":"default","ocean_breadcrumbs_color":"","ocean_breadcrumbs_separator_color":"","ocean_breadcrumbs_links_color":"","ocean_breadcrumbs_links_hover_color":"","ocean_display_footer_widgets":"off","ocean_display_footer_bottom":"default","ocean_custom_footer_template":"0","footnotes":""},"_links":{"self":[{"href":"https:\/\/www.abiopavia.org\/NewSite\/index.php\/wp-json\/wp\/v2\/pages\/3"}],"collection":[{"href":"https:\/\/www.abiopavia.org\/NewSite\/index.php\/wp-json\/wp\/v2\/pages"}],"about":[{"href":"https:\/\/www.abiopavia.org\/NewSite\/index.php\/wp-json\/wp\/v2\/types\/page"}],"author":[{"embeddable":true,"href":"https:\/\/www.abiopavia.org\/NewSite\/index.php\/wp-json\/wp\/v2\/users\/1"}],"replies":[{"embeddable":true,"href":"https:\/\/www.abiopavia.org\/NewSite\/index.php\/wp-json\/wp\/v2\/comments?post=3"}],"version-history":[{"count":32,"href":"https:\/\/www.abiopavia.org\/NewSite\/index.php\/wp-json\/wp\/v2\/pages\/3\/revisions"}],"predecessor-version":[{"id":7145,"href":"https:\/\/www.abiopavia.org\/NewSite\/index.php\/wp-json\/wp\/v2\/pages\/3\/revisions\/7145"}],"wp:attachment":[{"href":"https:\/\/www.abiopavia.org\/NewSite\/index.php\/wp-json\/wp\/v2\/media?parent=3"}],"curies":[{"name":"wp","href":"https:\/\/api.w.org\/{rel}","templated":true}]}}